{"id":877,"date":"2023-03-27T20:26:14","date_gmt":"2023-03-27T18:26:14","guid":{"rendered":"https:\/\/www.sambadiallo.org\/dev-mandemory\/?page_id=877"},"modified":"2023-11-07T08:27:47","modified_gmt":"2023-11-07T07:27:47","slug":"mentions-legales","status":"publish","type":"page","link":"https:\/\/mandemory.com\/en\/mentions-legales\/","title":{"rendered":"Legal Notices"},"content":{"rendered":"\t\t<div data-elementor-type=\"wp-page\" data-elementor-id=\"877\" class=\"elementor elementor-877\">\n\t\t\t\t\t\t\t\t\t<section class=\"elementor-section elementor-top-section elementor-element elementor-element-4173742 elementor-section-boxed elementor-section-height-default elementor-section-height-default\" data-id=\"4173742\" data-element_type=\"section\">\n\t\t\t\t\t\t<div class=\"elementor-container elementor-column-gap-default\">\n\t\t\t\t\t<div class=\"elementor-column elementor-col-16 elementor-top-column elementor-element elementor-element-3a5b98f\" data-id=\"3a5b98f\" data-element_type=\"column\">\n\t\t\t<div class=\"elementor-widget-wrap\">\n\t\t\t\t\t\t\t\t\t<\/div>\n\t\t<\/div>\n\t\t\t\t<div class=\"elementor-column elementor-col-66 elementor-top-column elementor-element elementor-element-2e39693\" data-id=\"2e39693\" data-element_type=\"column\">\n\t\t\t<div class=\"elementor-widget-wrap elementor-element-populated\">\n\t\t\t\t\t\t\t\t<div class=\"elementor-element elementor-element-a53e3ee elementor-widget elementor-widget-spacer\" data-id=\"a53e3ee\" data-element_type=\"widget\" data-widget_type=\"spacer.default\">\n\t\t\t\t<div class=\"elementor-widget-container\">\n\t\t\t<style>\/*! elementor - v3.14.0 - 18-06-2023 *\/\n.elementor-column .elementor-spacer-inner{height:var(--spacer-size)}.e-con{--container-widget-width:100%}.e-con-inner>.elementor-widget-spacer,.e-con>.elementor-widget-spacer{width:var(--container-widget-width,var(--spacer-size));--align-self:var(--container-widget-align-self,initial);--flex-shrink:0}.e-con-inner>.elementor-widget-spacer>.elementor-widget-container,.e-con-inner>.elementor-widget-spacer>.elementor-widget-container>.elementor-spacer,.e-con>.elementor-widget-spacer>.elementor-widget-container,.e-con>.elementor-widget-spacer>.elementor-widget-container>.elementor-spacer{height:100%}.e-con-inner>.elementor-widget-spacer>.elementor-widget-container>.elementor-spacer>.elementor-spacer-inner,.e-con>.elementor-widget-spacer>.elementor-widget-container>.elementor-spacer>.elementor-spacer-inner{height:var(--container-widget-height,var(--spacer-size))}<\/style>\t\t<div class=\"elementor-spacer\">\n\t\t\t<div class=\"elementor-spacer-inner\"><\/div>\n\t\t<\/div>\n\t\t\t\t<\/div>\n\t\t\t\t<\/div>\n\t\t\t\t<div class=\"elementor-element elementor-element-d234495 elementor-widget elementor-widget-heading\" data-id=\"d234495\" data-element_type=\"widget\" data-widget_type=\"heading.default\">\n\t\t\t\t<div class=\"elementor-widget-container\">\n\t\t\t<style>\/*! elementor - v3.14.0 - 18-06-2023 *\/\n.elementor-heading-title{padding:0;margin:0;line-height:1}.elementor-widget-heading .elementor-heading-title[class*=elementor-size-]>a{color:inherit;font-size:inherit;line-height:inherit}.elementor-widget-heading .elementor-heading-title.elementor-size-small{font-size:15px}.elementor-widget-heading .elementor-heading-title.elementor-size-medium{font-size:19px}.elementor-widget-heading .elementor-heading-title.elementor-size-large{font-size:29px}.elementor-widget-heading .elementor-heading-title.elementor-size-xl{font-size:39px}.elementor-widget-heading .elementor-heading-title.elementor-size-xxl{font-size:59px}<\/style><h1 class=\"elementor-heading-title elementor-size-default\">Mentions l\u00e9gales<\/h1>\t\t<\/div>\n\t\t\t\t<\/div>\n\t\t\t\t<div class=\"elementor-element elementor-element-acf0f58 elementor-widget elementor-widget-text-editor\" data-id=\"acf0f58\" data-element_type=\"widget\" data-widget_type=\"text-editor.default\">\n\t\t\t\t<div class=\"elementor-widget-container\">\n\t\t\t<style>\/*! elementor - v3.14.0 - 18-06-2023 *\/\n.elementor-widget-text-editor.elementor-drop-cap-view-stacked .elementor-drop-cap{background-color:#69727d;color:#fff}.elementor-widget-text-editor.elementor-drop-cap-view-framed .elementor-drop-cap{color:#69727d;border:3px solid;background-color:transparent}.elementor-widget-text-editor:not(.elementor-drop-cap-view-default) .elementor-drop-cap{margin-top:8px}.elementor-widget-text-editor:not(.elementor-drop-cap-view-default) .elementor-drop-cap-letter{width:1em;height:1em}.elementor-widget-text-editor .elementor-drop-cap{float:left;text-align:center;line-height:1;font-size:50px}.elementor-widget-text-editor .elementor-drop-cap-letter{display:inline-block}<\/style>\t\t\t\t<div id=\"block-3274e2d6ea96eb5fdaf9\" class=\"sqs-block html-block sqs-block-html\" data-block-type=\"2\"><div class=\"sqs-block-content\">\u00a0<\/div><\/div><div class=\"row sqs-row\"><div class=\"col sqs-col-11 span-11\"><div id=\"block-482d3ad1cc75d85f8dd0\" class=\"sqs-block html-block sqs-block-html\" data-block-type=\"2\"><div class=\"sqs-block-content\"><p class=\"sqsrte-small preFade fadeIn\">Le pr\u00e9sent site web, accessible \u00e0 partir de l\u2019adresse URL <a href=\"http:\/\/www.mandemory.com\/\">www.mandemory.com<\/a>, est \u00e9dit\u00e9 par le cabinet MAND\u00c9MORY, dont les informations suivent\u00a0:<\/p><p class=\"sqsrte-small preFade fadeIn\"><strong>MAND\u00c9MORY <\/strong><\/p><p class=\"sqsrte-small preFade fadeIn\">Soci\u00e9t\u00e9 d\u2019exercice lib\u00e9ral \u00e0 responsabilit\u00e9 limit\u00e9e<\/p><p class=\"sqsrte-small preFade fadeIn\">98 Boulevard Malesherbes<\/p><p class=\"sqsrte-small preFade fadeIn\">75017 PARIS, FRANCE<\/p><p class=\"sqsrte-small preFade fadeIn\">Capital social\u00a0: mille euros (EUR 1000)<\/p><p class=\"sqsrte-small preFade fadeIn\">Adresse e-mail\u00a0: <a href=\"mailto:info@mandemory.com\">info@mandemory.com<\/a><\/p><p class=\"sqsrte-small preFade fadeIn\">Num\u00e9ro d\u2019immatriculation: 915 \u00a0164 586 R.C.S. Paris<\/p><p class=\"sqsrte-small preFade fadeIn\">L\u2019h\u00e9bergeur du site est\u00a0: IONOS SARL, 7, place de la Gare, BP 70109, 57201 Sarreguemines Cedex.<\/p><\/div><\/div><\/div><div class=\"col sqs-col-1 span-1\"><div id=\"block-33447d1759dffc4236ad\" class=\"sqs-block spacer-block sqs-block-spacer sized vsize-1\" data-block-type=\"21\"><div class=\"sqs-block-content\">\u00a0<\/div><\/div><\/div><\/div>\t\t\t\t\t\t<\/div>\n\t\t\t\t<\/div>\n\t\t\t\t<div class=\"elementor-element elementor-element-515fd6f elementor-widget elementor-widget-heading\" data-id=\"515fd6f\" data-element_type=\"widget\" data-widget_type=\"heading.default\">\n\t\t\t\t<div class=\"elementor-widget-container\">\n\t\t\t<h1 class=\"elementor-heading-title elementor-size-default\">Donn\u00e9es personnelles<\/h1>\t\t<\/div>\n\t\t\t\t<\/div>\n\t\t\t\t<div class=\"elementor-element elementor-element-7e9c451 elementor-widget__width-initial elementor-widget elementor-widget-text-editor\" data-id=\"7e9c451\" data-element_type=\"widget\" data-widget_type=\"text-editor.default\">\n\t\t\t\t<div class=\"elementor-widget-container\">\n\t\t\t\t\t\t\t<p class=\"sqsrte-small preFade fadeIn\">MAND\u00c9MORY est le responsable du traitement des donn\u00e9es personnelles qu\u2019il collecte et traite.<\/p><p class=\"sqsrte-small preFade fadeIn\">Les donn\u00e9es personnelles collect\u00e9es<\/p><p class=\"sqsrte-small preFade fadeIn\">Mand\u00e9mory est susceptible de collecter et de traiter des donn\u00e9es personnelles dans le cadre de l\u2019\u00e9tablissement et la poursuite de relations professionnelles et\/ou contractuelles, notamment\u00a0:<\/p><ul data-rte-list=\"default\"><li><p class=\"sqsrte-small preFade fadeIn\">lorsque le formulaire de contact du site web est compl\u00e9t\u00e9 et soumis\u00a0;<\/p><\/li><li><p class=\"sqsrte-small preFade fadeIn\">lorsque des demandes d\u2019information ou des contacts lui sont adress\u00e9es dans le cadre de rencontres professionnelles;<\/p><\/li><li><p class=\"sqsrte-small preFade fadeIn\">lorsque des dossiers de candidatures qui lui sont soumis dans le cadre demandes de stages ou d\u2019emploi.<\/p><p class=\"sqsrte-small preFade fadeIn\">Ainsi, les donn\u00e9es personnelles collect\u00e9es le sont principalement dans le cadre de leur remise spontan\u00e9e par les personnes concern\u00e9es.<\/p><\/li><\/ul><p class=\"sqsrte-small preFade fadeIn\"><strong>Finalit\u00e9 des traitements<\/strong><\/p><p class=\"sqsrte-small preFade fadeIn\">Les donn\u00e9es sont collect\u00e9es et trait\u00e9es aux fins de la gestion des relations professionnelles et contractuelles. Les donn\u00e9es ne sont pas transmises \u00e0 des tiers, sauf demande ou accord expr\u00e8s de la personne concern\u00e9e.<\/p><p class=\"sqsrte-small preFade fadeIn\"><strong>S<\/strong><b>\u00e9curit\u00e9 des donn\u00e9es personnelles<\/b><\/p><p class=\"sqsrte-small preFade fadeIn\">Mand\u00e9mory s\u2019engage \u00e0 mettre en \u0153uvre les moyens techniques appropri\u00e9s assurant la s\u00e9curit\u00e9 des donn\u00e9es personnelles.<\/p><p class=\"sqsrte-small preFade fadeIn\"><strong>Dur\u00e9e de conservation<\/strong><\/p><p class=\"sqsrte-small preFade fadeIn\">Les donn\u00e9es sont conserv\u00e9es pendant la dur\u00e9e strictement n\u00e9cessaire pour r\u00e9aliser la finalit\u00e9 pour laquelle les donn\u00e9es sont collect\u00e9es dans le respect de la l\u00e9gislation en vigueur.<\/p><p class=\"sqsrte-small preFade fadeIn\"><strong>Vos droits<\/strong><\/p><p class=\"sqsrte-small preFade fadeIn\">En remplissant et soumettant le formulaire de contact du site web, ou en remettant vous informations professionnelles ou en soumettant votre candidature, vous acceptez que vos donn\u00e9es personnelles soient collect\u00e9es et trait\u00e9es par Mand\u00e9mory dans les conditions d\u00e9crites ci-dessus.<\/p><p class=\"sqsrte-small preFade fadeIn\">Vous disposez \u00e0 tout moment du droit de demander la rectification, la mise \u00e0 jour ou la suppression des donn\u00e9es vous concernant.<\/p><p class=\"preFade fadeIn\"><strong>M\u00e9diation<\/strong><\/p><p class=\"sqsrte-small preFade fadeIn\">Conform\u00e9ment aux dispositions des articles L.612-1 et suivants du Code de la consommation, vous avez la possibilit\u00e9, en cas de litige, de recourir gratuitement au M\u00e9diateur de la consommation aupr\u00e8s du Conseil National des Barreaux (CNB) dont les coordonn\u00e9es sont les suivantes : CNB, M\u00e9diateur \u00e0 la consommation, 180 boulevard Haussmann &#8211; 75008 PARIS.<\/p><p class=\"sqsrte-small preFade fadeIn\">Pour plus d\u2019information, vous pouvez vous connecter sur la plateforme :<\/p><p class=\"sqsrte-small preFade fadeIn\"><a href=\"https:\/\/www.economie.gouv.fr\/mediation-conso\">https:\/\/www.economie.gouv.fr\/mediation-conso<\/a><\/p>\t\t\t\t\t\t<\/div>\n\t\t\t\t<\/div>\n\t\t\t\t<div class=\"elementor-element elementor-element-3f81bd0 elementor-widget elementor-widget-spacer\" data-id=\"3f81bd0\" data-element_type=\"widget\" data-widget_type=\"spacer.default\">\n\t\t\t\t<div class=\"elementor-widget-container\">\n\t\t\t\t\t<div class=\"elementor-spacer\">\n\t\t\t<div class=\"elementor-spacer-inner\"><\/div>\n\t\t<\/div>\n\t\t\t\t<\/div>\n\t\t\t\t<\/div>\n\t\t\t\t\t<\/div>\n\t\t<\/div>\n\t\t\t\t<div class=\"elementor-column elementor-col-16 elementor-top-column elementor-element elementor-element-b761007\" data-id=\"b761007\" data-element_type=\"column\">\n\t\t\t<div class=\"elementor-widget-wrap\">\n\t\t\t\t\t\t\t\t\t<\/div>\n\t\t<\/div>\n\t\t\t\t\t\t\t<\/div>\n\t\t<\/section>\n\t\t\t\t\t\t\t<\/div>\n\t\t","protected":false},"excerpt":{"rendered":"<p>Mentions l\u00e9gales \u00a0 Le pr\u00e9sent site web, accessible \u00e0 partir de l\u2019adresse [&hellip;]<\/p>\n","protected":false},"author":1,"featured_media":0,"parent":0,"menu_order":0,"comment_status":"closed","ping_status":"closed","template":"","meta":{"footnotes":""},"class_list":["post-877","page","type-page","status-publish","hentry"],"yoast_head":"<!-- This site is optimized with the Yoast SEO plugin v27.5 - https:\/\/yoast.com\/product\/yoast-seo-wordpress\/ -->\n<title>Mentions l\u00e9gales - MANDEMORY<\/title>\n<meta name=\"description\" content=\"Le pr\u00e9sent site web, accessible \u00e0 partir de l\u2019adresse URL www.mandemory.com, est \u00e9dit\u00e9 par le cabinet MAND\u00c9MORY, dont les information\" \/>\n<meta name=\"robots\" content=\"index, follow, max-snippet:-1, max-image-preview:large, max-video-preview:-1\" \/>\n<link rel=\"canonical\" href=\"https:\/\/mandemory.com\/en\/mentions-legales\/\" \/>\n<meta property=\"og:locale\" content=\"en_GB\" \/>\n<meta property=\"og:type\" content=\"article\" \/>\n<meta property=\"og:title\" content=\"Mentions l\u00e9gales - MANDEMORY\" \/>\n<meta property=\"og:description\" content=\"Le pr\u00e9sent site web, accessible \u00e0 partir de l\u2019adresse URL www.mandemory.com, est \u00e9dit\u00e9 par le cabinet MAND\u00c9MORY, dont les information\" \/>\n<meta property=\"og:url\" content=\"https:\/\/mandemory.com\/en\/mentions-legales\/\" \/>\n<meta property=\"og:site_name\" content=\"MANDEMORY\" \/>\n<meta property=\"article:modified_time\" content=\"2023-11-07T07:27:47+00:00\" \/>\n<meta property=\"og:image\" content=\"https:\/\/i0.wp.com\/mandemory.com\/wp-content\/uploads\/2023\/04\/MANDEMORY-LOGO-3.webp?fit=316%2C316&ssl=1\" \/>\n\t<meta property=\"og:image:width\" content=\"316\" \/>\n\t<meta property=\"og:image:height\" content=\"316\" \/>\n\t<meta property=\"og:image:type\" content=\"image\/webp\" \/>\n<meta name=\"twitter:card\" content=\"summary_large_image\" \/>\n<meta name=\"twitter:site\" content=\"@RouguyatouT\" \/>\n<meta name=\"twitter:label1\" content=\"Estimated reading time\" \/>\n\t<meta name=\"twitter:data1\" content=\"3 minutes\" \/>\n<script type=\"application\/ld+json\" class=\"yoast-schema-graph\">{\"@context\":\"https:\\\/\\\/schema.org\",\"@graph\":[{\"@type\":\"WebPage\",\"@id\":\"https:\\\/\\\/mandemory.com\\\/mentions-legales\\\/\",\"url\":\"https:\\\/\\\/mandemory.com\\\/mentions-legales\\\/\",\"name\":\"Mentions l\u00e9gales - MANDEMORY\",\"isPartOf\":{\"@id\":\"https:\\\/\\\/mandemory.com\\\/#website\"},\"datePublished\":\"2023-03-27T18:26:14+00:00\",\"dateModified\":\"2023-11-07T07:27:47+00:00\",\"description\":\"Le pr\u00e9sent site web, accessible \u00e0 partir de l\u2019adresse URL www.mandemory.com, est \u00e9dit\u00e9 par le cabinet MAND\u00c9MORY, dont les information\",\"inLanguage\":\"en-GB\",\"potentialAction\":[{\"@type\":\"ReadAction\",\"target\":[\"https:\\\/\\\/mandemory.com\\\/mentions-legales\\\/\"]}]},{\"@type\":\"WebSite\",\"@id\":\"https:\\\/\\\/mandemory.com\\\/#website\",\"url\":\"https:\\\/\\\/mandemory.com\\\/\",\"name\":\"MANDEMORY\",\"description\":\"Cabinet d\u2019avocat au service de d\u00e9veloppement de l&#039;Afrique\",\"publisher\":{\"@id\":\"https:\\\/\\\/mandemory.com\\\/#organization\"},\"potentialAction\":[{\"@type\":\"SearchAction\",\"target\":{\"@type\":\"EntryPoint\",\"urlTemplate\":\"https:\\\/\\\/mandemory.com\\\/?s={search_term_string}\"},\"query-input\":{\"@type\":\"PropertyValueSpecification\",\"valueRequired\":true,\"valueName\":\"search_term_string\"}}],\"inLanguage\":\"en-GB\"},{\"@type\":\"Organization\",\"@id\":\"https:\\\/\\\/mandemory.com\\\/#organization\",\"name\":\"MANDEMORY\",\"url\":\"https:\\\/\\\/mandemory.com\\\/\",\"logo\":{\"@type\":\"ImageObject\",\"inLanguage\":\"en-GB\",\"@id\":\"https:\\\/\\\/mandemory.com\\\/#\\\/schema\\\/logo\\\/image\\\/\",\"url\":\"https:\\\/\\\/i0.wp.com\\\/mandemory.com\\\/wp-content\\\/uploads\\\/2023\\\/05\\\/favicon-1.png?fit=196%2C196&ssl=1\",\"contentUrl\":\"https:\\\/\\\/i0.wp.com\\\/mandemory.com\\\/wp-content\\\/uploads\\\/2023\\\/05\\\/favicon-1.png?fit=196%2C196&ssl=1\",\"width\":196,\"height\":196,\"caption\":\"MANDEMORY\"},\"image\":{\"@id\":\"https:\\\/\\\/mandemory.com\\\/#\\\/schema\\\/logo\\\/image\\\/\"},\"sameAs\":[\"https:\\\/\\\/x.com\\\/RouguyatouT\"]}]}<\/script>\n<!-- \/ Yoast SEO plugin. -->","yoast_head_json":{"title":"Mentions l\u00e9gales - MANDEMORY","description":"Le pr\u00e9sent site web, accessible \u00e0 partir de l\u2019adresse URL www.mandemory.com, est \u00e9dit\u00e9 par le cabinet MAND\u00c9MORY, dont les information","robots":{"index":"index","follow":"follow","max-snippet":"max-snippet:-1","max-image-preview":"max-image-preview:large","max-video-preview":"max-video-preview:-1"},"canonical":"https:\/\/mandemory.com\/en\/mentions-legales\/","og_locale":"en_GB","og_type":"article","og_title":"Mentions l\u00e9gales - MANDEMORY","og_description":"Le pr\u00e9sent site web, accessible \u00e0 partir de l\u2019adresse URL www.mandemory.com, est \u00e9dit\u00e9 par le cabinet MAND\u00c9MORY, dont les information","og_url":"https:\/\/mandemory.com\/en\/mentions-legales\/","og_site_name":"MANDEMORY","article_modified_time":"2023-11-07T07:27:47+00:00","og_image":[{"width":316,"height":316,"url":"https:\/\/i0.wp.com\/mandemory.com\/wp-content\/uploads\/2023\/04\/MANDEMORY-LOGO-3.webp?fit=316%2C316&ssl=1","type":"image\/webp"}],"twitter_card":"summary_large_image","twitter_site":"@RouguyatouT","twitter_misc":{"Estimated reading time":"3 minutes"},"schema":{"@context":"https:\/\/schema.org","@graph":[{"@type":"WebPage","@id":"https:\/\/mandemory.com\/mentions-legales\/","url":"https:\/\/mandemory.com\/mentions-legales\/","name":"Mentions l\u00e9gales - MANDEMORY","isPartOf":{"@id":"https:\/\/mandemory.com\/#website"},"datePublished":"2023-03-27T18:26:14+00:00","dateModified":"2023-11-07T07:27:47+00:00","description":"Le pr\u00e9sent site web, accessible \u00e0 partir de l\u2019adresse URL www.mandemory.com, est \u00e9dit\u00e9 par le cabinet MAND\u00c9MORY, dont les information","inLanguage":"en-GB","potentialAction":[{"@type":"ReadAction","target":["https:\/\/mandemory.com\/mentions-legales\/"]}]},{"@type":"WebSite","@id":"https:\/\/mandemory.com\/#website","url":"https:\/\/mandemory.com\/","name":"MANDEMORY","description":"Cabinet d\u2019avocat au service de d\u00e9veloppement de l&#039;Afrique","publisher":{"@id":"https:\/\/mandemory.com\/#organization"},"potentialAction":[{"@type":"SearchAction","target":{"@type":"EntryPoint","urlTemplate":"https:\/\/mandemory.com\/?s={search_term_string}"},"query-input":{"@type":"PropertyValueSpecification","valueRequired":true,"valueName":"search_term_string"}}],"inLanguage":"en-GB"},{"@type":"Organization","@id":"https:\/\/mandemory.com\/#organization","name":"MANDEMORY","url":"https:\/\/mandemory.com\/","logo":{"@type":"ImageObject","inLanguage":"en-GB","@id":"https:\/\/mandemory.com\/#\/schema\/logo\/image\/","url":"https:\/\/i0.wp.com\/mandemory.com\/wp-content\/uploads\/2023\/05\/favicon-1.png?fit=196%2C196&ssl=1","contentUrl":"https:\/\/i0.wp.com\/mandemory.com\/wp-content\/uploads\/2023\/05\/favicon-1.png?fit=196%2C196&ssl=1","width":196,"height":196,"caption":"MANDEMORY"},"image":{"@id":"https:\/\/mandemory.com\/#\/schema\/logo\/image\/"},"sameAs":["https:\/\/x.com\/RouguyatouT"]}]}},"jetpack_sharing_enabled":true,"_links":{"self":[{"href":"https:\/\/mandemory.com\/en\/wp-json\/wp\/v2\/pages\/877","targetHints":{"allow":["GET"]}}],"collection":[{"href":"https:\/\/mandemory.com\/en\/wp-json\/wp\/v2\/pages"}],"about":[{"href":"https:\/\/mandemory.com\/en\/wp-json\/wp\/v2\/types\/page"}],"author":[{"embeddable":true,"href":"https:\/\/mandemory.com\/en\/wp-json\/wp\/v2\/users\/1"}],"replies":[{"embeddable":true,"href":"https:\/\/mandemory.com\/en\/wp-json\/wp\/v2\/comments?post=877"}],"version-history":[{"count":32,"href":"https:\/\/mandemory.com\/en\/wp-json\/wp\/v2\/pages\/877\/revisions"}],"predecessor-version":[{"id":1826,"href":"https:\/\/mandemory.com\/en\/wp-json\/wp\/v2\/pages\/877\/revisions\/1826"}],"wp:attachment":[{"href":"https:\/\/mandemory.com\/en\/wp-json\/wp\/v2\/media?parent=877"}],"curies":[{"name":"wp","href":"https:\/\/api.w.org\/{rel}","templated":true}]}}