{"id":395,"date":"2023-03-26T19:30:44","date_gmt":"2023-03-26T17:30:44","guid":{"rendered":"http:\/\/mandemory.test\/?page_id=395"},"modified":"2026-03-06T14:41:30","modified_gmt":"2026-03-06T13:41:30","slug":"a-propos","status":"publish","type":"page","link":"https:\/\/mandemory.com\/en\/a-propos\/","title":{"rendered":"About"},"content":{"rendered":"\t\t<div data-elementor-type=\"wp-page\" data-elementor-id=\"395\" class=\"elementor elementor-395\">\n\t\t\t\t\t\t\t\t\t<section class=\"elementor-section elementor-top-section elementor-element elementor-element-6e6d692 elementor-section-stretched elementor-section-boxed elementor-section-height-default elementor-section-height-default\" data-id=\"6e6d692\" data-element_type=\"section\" data-settings=\"{&quot;stretch_section&quot;:&quot;section-stretched&quot;,&quot;background_background&quot;:&quot;slideshow&quot;,&quot;background_slideshow_gallery&quot;:[],&quot;background_slideshow_loop&quot;:&quot;yes&quot;,&quot;background_slideshow_slide_duration&quot;:5000,&quot;background_slideshow_slide_transition&quot;:&quot;fade&quot;,&quot;background_slideshow_transition_duration&quot;:500}\">\n\t\t\t\t\t\t<div class=\"elementor-container elementor-column-gap-default\">\n\t\t\t\t\t<div class=\"elementor-column elementor-col-100 elementor-top-column elementor-element elementor-element-92fb54d\" data-id=\"92fb54d\" data-element_type=\"column\">\n\t\t\t<div class=\"elementor-widget-wrap elementor-element-populated\">\n\t\t\t\t\t\t\t\t<div class=\"elementor-element elementor-element-0c19e7d elementor-widget elementor-widget-heading\" data-id=\"0c19e7d\" data-element_type=\"widget\" data-widget_type=\"heading.default\">\n\t\t\t\t<div class=\"elementor-widget-container\">\n\t\t\t<style>\/*! elementor - v3.14.0 - 18-06-2023 *\/\n.elementor-heading-title{padding:0;margin:0;line-height:1}.elementor-widget-heading .elementor-heading-title[class*=elementor-size-]>a{color:inherit;font-size:inherit;line-height:inherit}.elementor-widget-heading .elementor-heading-title.elementor-size-small{font-size:15px}.elementor-widget-heading .elementor-heading-title.elementor-size-medium{font-size:19px}.elementor-widget-heading .elementor-heading-title.elementor-size-large{font-size:29px}.elementor-widget-heading .elementor-heading-title.elementor-size-xl{font-size:39px}.elementor-widget-heading .elementor-heading-title.elementor-size-xxl{font-size:59px}<\/style><h1 class=\"elementor-heading-title elementor-size-default\">Mand\u00e9mory, cabinet d\u2019avocat engag\u00e9 au service de l\u2019Afrique<\/h1>\t\t<\/div>\n\t\t\t\t<\/div>\n\t\t\t\t\t<\/div>\n\t\t<\/div>\n\t\t\t\t\t\t\t<\/div>\n\t\t<\/section>\n\t\t\t\t<section class=\"elementor-section elementor-top-section elementor-element elementor-element-118e181 elementor-section-boxed elementor-section-height-default elementor-section-height-default\" data-id=\"118e181\" data-element_type=\"section\">\n\t\t\t\t\t\t<div class=\"elementor-container elementor-column-gap-default\">\n\t\t\t\t\t<div class=\"elementor-column elementor-col-50 elementor-top-column elementor-element elementor-element-d42d425\" data-id=\"d42d425\" data-element_type=\"column\">\n\t\t\t<div class=\"elementor-widget-wrap elementor-element-populated\">\n\t\t\t\t\t\t\t\t<div class=\"elementor-element elementor-element-977bbc3 elementor-widget elementor-widget-text-editor\" data-id=\"977bbc3\" data-element_type=\"widget\" data-widget_type=\"text-editor.default\">\n\t\t\t\t<div class=\"elementor-widget-container\">\n\t\t\t<style>\/*! elementor - v3.14.0 - 18-06-2023 *\/\n.elementor-widget-text-editor.elementor-drop-cap-view-stacked .elementor-drop-cap{background-color:#69727d;color:#fff}.elementor-widget-text-editor.elementor-drop-cap-view-framed .elementor-drop-cap{color:#69727d;border:3px solid;background-color:transparent}.elementor-widget-text-editor:not(.elementor-drop-cap-view-default) .elementor-drop-cap{margin-top:8px}.elementor-widget-text-editor:not(.elementor-drop-cap-view-default) .elementor-drop-cap-letter{width:1em;height:1em}.elementor-widget-text-editor .elementor-drop-cap{float:left;text-align:center;line-height:1;font-size:50px}.elementor-widget-text-editor .elementor-drop-cap-letter{display:inline-block}<\/style>\t\t\t\t<p class=\"preFade fadeIn\">Mand\u00e9mory est un cabinet g\u00e9n\u00e9raliste en droit des affaires qui accompagne les acteurs cl\u00e9s de l\u2019essor du continent africain, locaux ou de la diaspora. Il a vocation \u00e0 fournir une assistance juridique aux entreprises de toutes tailles, naissantes ou en phase de croissance. Le cabinet assiste \u00e9galement les \u00c9tats et acteurs du secteur public, ainsi que les investisseurs.<\/p><p class=\"preFade fadeIn\">Mand\u00e9mory r\u00e9pond \u00e0 des objectifs de clart\u00e9, de pragmatisme et d\u2019accessibilit\u00e9 des diff\u00e9rents droits afin de devenir un v\u00e9ritable partenaire op\u00e9rationnel et facilitateur des projets de ceux qu\u2019il accompagne.<\/p><p class=\"preFade fadeIn\">Mand\u00e9mory est un cabinet d&rsquo;avocat engag\u00e9 qui ambitionne de contribuer \u00e0 l\u2019am\u00e9lioration du climat des affaires en Afrique en rendant son droit lisible et accessible.<\/p>\t\t\t\t\t\t<\/div>\n\t\t\t\t<\/div>\n\t\t\t\t<div class=\"elementor-element elementor-element-db97ad0 elementor-align-left elementor-widget elementor-widget-button\" data-id=\"db97ad0\" data-element_type=\"widget\" data-widget_type=\"button.default\">\n\t\t\t\t<div class=\"elementor-widget-container\">\n\t\t\t\t\t<div class=\"elementor-button-wrapper\">\n\t\t\t<a class=\"elementor-button elementor-button-link elementor-size-xl elementor-animation-float\" href=\"https:\/\/mandemory.com\/avocate\/\">\n\t\t\t\t\t\t<span class=\"elementor-button-content-wrapper\">\n\t\t\t\t\t\t<span class=\"elementor-button-icon elementor-align-icon-right\">\n\t\t\t\t<i aria-hidden=\"true\" class=\"ti ti-arrow-top-right\"><\/i>\t\t\t<\/span>\n\t\t\t\t\t\t<span class=\"elementor-button-text\">Faites la connaissance de notre \u00e9quipe d\u2019avocats<\/span>\n\t\t<\/span>\n\t\t\t\t\t<\/a>\n\t\t<\/div>\n\t\t\t\t<\/div>\n\t\t\t\t<\/div>\n\t\t\t\t<div class=\"elementor-element elementor-element-047e18d elementor-widget elementor-widget-spacer\" data-id=\"047e18d\" data-element_type=\"widget\" data-widget_type=\"spacer.default\">\n\t\t\t\t<div class=\"elementor-widget-container\">\n\t\t\t<style>\/*! elementor - v3.14.0 - 18-06-2023 *\/\n.elementor-column .elementor-spacer-inner{height:var(--spacer-size)}.e-con{--container-widget-width:100%}.e-con-inner>.elementor-widget-spacer,.e-con>.elementor-widget-spacer{width:var(--container-widget-width,var(--spacer-size));--align-self:var(--container-widget-align-self,initial);--flex-shrink:0}.e-con-inner>.elementor-widget-spacer>.elementor-widget-container,.e-con-inner>.elementor-widget-spacer>.elementor-widget-container>.elementor-spacer,.e-con>.elementor-widget-spacer>.elementor-widget-container,.e-con>.elementor-widget-spacer>.elementor-widget-container>.elementor-spacer{height:100%}.e-con-inner>.elementor-widget-spacer>.elementor-widget-container>.elementor-spacer>.elementor-spacer-inner,.e-con>.elementor-widget-spacer>.elementor-widget-container>.elementor-spacer>.elementor-spacer-inner{height:var(--container-widget-height,var(--spacer-size))}<\/style>\t\t<div class=\"elementor-spacer\">\n\t\t\t<div class=\"elementor-spacer-inner\"><\/div>\n\t\t<\/div>\n\t\t\t\t<\/div>\n\t\t\t\t<\/div>\n\t\t\t\t\t<\/div>\n\t\t<\/div>\n\t\t\t\t<div class=\"elementor-column elementor-col-50 elementor-top-column elementor-element elementor-element-b77176d\" data-id=\"b77176d\" data-element_type=\"column\">\n\t\t\t<div class=\"elementor-widget-wrap elementor-element-populated\">\n\t\t\t\t\t\t\t\t<div class=\"elementor-element elementor-element-f8d854a elementor-widget elementor-widget-image\" data-id=\"f8d854a\" data-element_type=\"widget\" data-widget_type=\"image.default\">\n\t\t\t\t<div class=\"elementor-widget-container\">\n\t\t\t<style>\/*! elementor - v3.14.0 - 18-06-2023 *\/\n.elementor-widget-image{text-align:center}.elementor-widget-image a{display:inline-block}.elementor-widget-image a img[src$=\".svg\"]{width:48px}.elementor-widget-image img{vertical-align:middle;display:inline-block}<\/style>\t\t\t\t\t\t\t\t\t\t\t\t<img loading=\"lazy\" decoding=\"async\" width=\"2560\" height=\"2226\" src=\"https:\/\/i0.wp.com\/mandemory.com\/wp-content\/uploads\/2023\/04\/1-1-scaled.webp?fit=2560%2C2226&amp;ssl=1\" class=\"attachment-full size-full wp-image-1591\" alt=\"Mand\u00e9mory, cabinet d\u2019avocat engag\u00e9 au service de l\u2019Afrique\" srcset=\"https:\/\/i0.wp.com\/mandemory.com\/wp-content\/uploads\/2023\/04\/1-1-scaled.webp?w=2560&amp;ssl=1 2560w, https:\/\/i0.wp.com\/mandemory.com\/wp-content\/uploads\/2023\/04\/1-1-scaled.webp?resize=300%2C261&amp;ssl=1 300w, https:\/\/i0.wp.com\/mandemory.com\/wp-content\/uploads\/2023\/04\/1-1-scaled.webp?resize=1024%2C890&amp;ssl=1 1024w, https:\/\/i0.wp.com\/mandemory.com\/wp-content\/uploads\/2023\/04\/1-1-scaled.webp?resize=768%2C668&amp;ssl=1 768w, https:\/\/i0.wp.com\/mandemory.com\/wp-content\/uploads\/2023\/04\/1-1-scaled.webp?resize=1536%2C1336&amp;ssl=1 1536w, https:\/\/i0.wp.com\/mandemory.com\/wp-content\/uploads\/2023\/04\/1-1-scaled.webp?resize=2048%2C1781&amp;ssl=1 2048w, https:\/\/i0.wp.com\/mandemory.com\/wp-content\/uploads\/2023\/04\/1-1-scaled.webp?resize=14%2C12&amp;ssl=1 14w, https:\/\/i0.wp.com\/mandemory.com\/wp-content\/uploads\/2023\/04\/1-1-scaled.webp?resize=650%2C565&amp;ssl=1 650w\" sizes=\"auto, (max-width: 1000px) 100vw, 1000px\" \/>\t\t\t\t\t\t\t\t\t\t\t\t\t\t\t<\/div>\n\t\t\t\t<\/div>\n\t\t\t\t\t<\/div>\n\t\t<\/div>\n\t\t\t\t\t\t\t<\/div>\n\t\t<\/section>\n\t\t\t\t<section class=\"elementor-section elementor-top-section elementor-element elementor-element-a6f67b8 elementor-section-boxed elementor-section-height-default elementor-section-height-default\" data-id=\"a6f67b8\" data-element_type=\"section\">\n\t\t\t\t\t\t<div class=\"elementor-container elementor-column-gap-default\">\n\t\t\t\t\t<div class=\"elementor-column elementor-col-100 elementor-top-column elementor-element elementor-element-c0c5eb1\" data-id=\"c0c5eb1\" data-element_type=\"column\">\n\t\t\t<div class=\"elementor-widget-wrap elementor-element-populated\">\n\t\t\t\t\t\t\t\t<div class=\"elementor-element elementor-element-bcca33b elementor-widget elementor-widget-spacer\" data-id=\"bcca33b\" data-element_type=\"widget\" data-widget_type=\"spacer.default\">\n\t\t\t\t<div class=\"elementor-widget-container\">\n\t\t\t\t\t<div class=\"elementor-spacer\">\n\t\t\t<div class=\"elementor-spacer-inner\"><\/div>\n\t\t<\/div>\n\t\t\t\t<\/div>\n\t\t\t\t<\/div>\n\t\t\t\t<section class=\"elementor-section elementor-inner-section elementor-element elementor-element-19f4bac elementor-section-boxed elementor-section-height-default elementor-section-height-default\" data-id=\"19f4bac\" data-element_type=\"section\" data-settings=\"{&quot;background_background&quot;:&quot;classic&quot;}\">\n\t\t\t\t\t\t<div class=\"elementor-container elementor-column-gap-default\">\n\t\t\t\t\t<div class=\"elementor-column elementor-col-50 elementor-inner-column elementor-element elementor-element-3ed8393\" data-id=\"3ed8393\" data-element_type=\"column\">\n\t\t\t<div class=\"elementor-widget-wrap elementor-element-populated\">\n\t\t\t\t\t\t\t\t<div class=\"elementor-element elementor-element-744570a elementor-widget elementor-widget-heading\" data-id=\"744570a\" data-element_type=\"widget\" data-widget_type=\"heading.default\">\n\t\t\t\t<div class=\"elementor-widget-container\">\n\t\t\t<h3 class=\"elementor-heading-title elementor-size-default\">Un cabinet r\u00e9actif et \u00e0 l\u2019\u00e9coute des besoins des acteurs \u00e9conomiques<\/h3>\t\t<\/div>\n\t\t\t\t<\/div>\n\t\t\t\t<div class=\"elementor-element elementor-element-7f6cf06 elementor-widget elementor-widget-heading\" data-id=\"7f6cf06\" data-element_type=\"widget\" data-widget_type=\"heading.default\">\n\t\t\t\t<div class=\"elementor-widget-container\">\n\t\t\t<h5 class=\"elementor-heading-title elementor-size-default\">Mand\u00e9mory est \u00e0 l\u2019\u00e9coute de vos besoins juridiques<\/h5>\t\t<\/div>\n\t\t\t\t<\/div>\n\t\t\t\t\t<\/div>\n\t\t<\/div>\n\t\t\t\t<div class=\"elementor-column elementor-col-50 elementor-inner-column elementor-element elementor-element-5e89b6a\" data-id=\"5e89b6a\" data-element_type=\"column\">\n\t\t\t<div class=\"elementor-widget-wrap elementor-element-populated\">\n\t\t\t\t\t\t\t\t<div class=\"elementor-element elementor-element-4ed9c6d elementor-widget elementor-widget-spacer\" data-id=\"4ed9c6d\" data-element_type=\"widget\" data-widget_type=\"spacer.default\">\n\t\t\t\t<div class=\"elementor-widget-container\">\n\t\t\t\t\t<div class=\"elementor-spacer\">\n\t\t\t<div class=\"elementor-spacer-inner\"><\/div>\n\t\t<\/div>\n\t\t\t\t<\/div>\n\t\t\t\t<\/div>\n\t\t\t\t<div class=\"elementor-element elementor-element-07d1702 elementor-align-center elementor-widget elementor-widget-button\" data-id=\"07d1702\" data-element_type=\"widget\" data-widget_type=\"button.default\">\n\t\t\t\t<div class=\"elementor-widget-container\">\n\t\t\t\t\t<div class=\"elementor-button-wrapper\">\n\t\t\t<a class=\"elementor-button elementor-button-link elementor-size-sm elementor-animation-float\" href=\"https:\/\/mandemory.com\/contacts\/\">\n\t\t\t\t\t\t<span class=\"elementor-button-content-wrapper\">\n\t\t\t\t\t\t<span class=\"elementor-button-text\">Contact<\/span>\n\t\t<\/span>\n\t\t\t\t\t<\/a>\n\t\t<\/div>\n\t\t\t\t<\/div>\n\t\t\t\t<\/div>\n\t\t\t\t\t<\/div>\n\t\t<\/div>\n\t\t\t\t\t\t\t<\/div>\n\t\t<\/section>\n\t\t\t\t<div class=\"elementor-element elementor-element-a46079d elementor-widget elementor-widget-spacer\" data-id=\"a46079d\" data-element_type=\"widget\" data-widget_type=\"spacer.default\">\n\t\t\t\t<div class=\"elementor-widget-container\">\n\t\t\t\t\t<div class=\"elementor-spacer\">\n\t\t\t<div class=\"elementor-spacer-inner\"><\/div>\n\t\t<\/div>\n\t\t\t\t<\/div>\n\t\t\t\t<\/div>\n\t\t\t\t\t<\/div>\n\t\t<\/div>\n\t\t\t\t\t\t\t<\/div>\n\t\t<\/section>\n\t\t\t\t\t\t\t<\/div>\n\t\t","protected":false},"excerpt":{"rendered":"<p>Mand\u00e9mory est un cabinet en droit des affaires qui accompagne les acteurs [&hellip;]<\/p>\n","protected":false},"author":1,"featured_media":0,"parent":0,"menu_order":0,"comment_status":"closed","ping_status":"closed","template":"","meta":{"footnotes":""},"class_list":["post-395","page","type-page","status-publish","hentry"],"yoast_head":"<!-- This site is optimized with the Yoast SEO plugin v27.5 - https:\/\/yoast.com\/product\/yoast-seo-wordpress\/ -->\n<title>Mand\u00e9mory, cabinet d\u2019avocat engag\u00e9 au service de l\u2019Afrique<\/title>\n<meta name=\"description\" content=\"Mand\u00e9mory est un cabinet g\u00e9n\u00e9raliste en droit des affaires qui accompagne les acteurs cl\u00e9s de l\u2019essor du continent africain, locaux ou de\" \/>\n<meta name=\"robots\" content=\"index, follow, max-snippet:-1, max-image-preview:large, max-video-preview:-1\" \/>\n<link rel=\"canonical\" href=\"https:\/\/mandemory.com\/en\/a-propos\/\" \/>\n<meta property=\"og:locale\" content=\"en_GB\" \/>\n<meta property=\"og:type\" content=\"article\" \/>\n<meta property=\"og:title\" content=\"Mand\u00e9mory, cabinet d\u2019avocat engag\u00e9 au service de l\u2019Afrique\" \/>\n<meta property=\"og:description\" content=\"Mand\u00e9mory est un cabinet g\u00e9n\u00e9raliste en droit des affaires qui accompagne les acteurs cl\u00e9s de l\u2019essor du continent africain, locaux ou de la diaspora.\" \/>\n<meta property=\"og:url\" content=\"https:\/\/mandemory.com\/en\/a-propos\/\" \/>\n<meta property=\"og:site_name\" content=\"MANDEMORY\" \/>\n<meta property=\"article:modified_time\" content=\"2026-03-06T13:41:30+00:00\" \/>\n<meta property=\"og:image\" content=\"https:\/\/mandemory.com\/wp-content\/uploads\/2023\/04\/1-1-scaled.webp\" \/>\n\t<meta property=\"og:image:width\" content=\"2560\" \/>\n\t<meta property=\"og:image:height\" content=\"2226\" \/>\n\t<meta property=\"og:image:type\" content=\"image\/webp\" \/>\n<meta name=\"twitter:card\" content=\"summary_large_image\" \/>\n<meta name=\"twitter:title\" content=\"Mand\u00e9mory, cabinet d\u2019avocat engag\u00e9 au service de l\u2019Afrique\" \/>\n<meta name=\"twitter:description\" content=\"Mand\u00e9mory est un cabinet g\u00e9n\u00e9raliste en droit des affaires qui accompagne les acteurs cl\u00e9s de l\u2019essor du continent africain, locaux ou de la diaspora.\" \/>\n<meta name=\"twitter:image\" content=\"https:\/\/i0.wp.com\/mandemory.com\/wp-content\/uploads\/2023\/04\/1-1-scaled.webp?fit=2560%2C2226&ssl=1\" \/>\n<meta name=\"twitter:site\" content=\"@RouguyatouT\" \/>\n<meta name=\"twitter:label1\" content=\"Estimated reading time\" \/>\n\t<meta name=\"twitter:data1\" content=\"1 minute\" \/>\n<script type=\"application\/ld+json\" class=\"yoast-schema-graph\">{\"@context\":\"https:\\\/\\\/schema.org\",\"@graph\":[{\"@type\":\"WebPage\",\"@id\":\"https:\\\/\\\/mandemory.com\\\/a-propos\\\/\",\"url\":\"https:\\\/\\\/mandemory.com\\\/a-propos\\\/\",\"name\":\"Mand\u00e9mory, cabinet d\u2019avocat engag\u00e9 au service de l\u2019Afrique\",\"isPartOf\":{\"@id\":\"https:\\\/\\\/mandemory.com\\\/#website\"},\"datePublished\":\"2023-03-26T17:30:44+00:00\",\"dateModified\":\"2026-03-06T13:41:30+00:00\",\"description\":\"Mand\u00e9mory est un cabinet g\u00e9n\u00e9raliste en droit des affaires qui accompagne les acteurs cl\u00e9s de l\u2019essor du continent africain, locaux ou de\",\"inLanguage\":\"en-GB\",\"potentialAction\":[{\"@type\":\"ReadAction\",\"target\":[\"https:\\\/\\\/mandemory.com\\\/a-propos\\\/\"]}]},{\"@type\":\"WebSite\",\"@id\":\"https:\\\/\\\/mandemory.com\\\/#website\",\"url\":\"https:\\\/\\\/mandemory.com\\\/\",\"name\":\"MANDEMORY\",\"description\":\"Cabinet d\u2019avocat au service de d\u00e9veloppement de l&#039;Afrique\",\"publisher\":{\"@id\":\"https:\\\/\\\/mandemory.com\\\/#organization\"},\"potentialAction\":[{\"@type\":\"SearchAction\",\"target\":{\"@type\":\"EntryPoint\",\"urlTemplate\":\"https:\\\/\\\/mandemory.com\\\/?s={search_term_string}\"},\"query-input\":{\"@type\":\"PropertyValueSpecification\",\"valueRequired\":true,\"valueName\":\"search_term_string\"}}],\"inLanguage\":\"en-GB\"},{\"@type\":\"Organization\",\"@id\":\"https:\\\/\\\/mandemory.com\\\/#organization\",\"name\":\"MANDEMORY\",\"url\":\"https:\\\/\\\/mandemory.com\\\/\",\"logo\":{\"@type\":\"ImageObject\",\"inLanguage\":\"en-GB\",\"@id\":\"https:\\\/\\\/mandemory.com\\\/#\\\/schema\\\/logo\\\/image\\\/\",\"url\":\"https:\\\/\\\/i0.wp.com\\\/mandemory.com\\\/wp-content\\\/uploads\\\/2023\\\/05\\\/favicon-1.png?fit=196%2C196&ssl=1\",\"contentUrl\":\"https:\\\/\\\/i0.wp.com\\\/mandemory.com\\\/wp-content\\\/uploads\\\/2023\\\/05\\\/favicon-1.png?fit=196%2C196&ssl=1\",\"width\":196,\"height\":196,\"caption\":\"MANDEMORY\"},\"image\":{\"@id\":\"https:\\\/\\\/mandemory.com\\\/#\\\/schema\\\/logo\\\/image\\\/\"},\"sameAs\":[\"https:\\\/\\\/x.com\\\/RouguyatouT\"]}]}<\/script>\n<!-- \/ Yoast SEO plugin. -->","yoast_head_json":{"title":"Mand\u00e9mory, a law firm committed to Africa","description":"Mand\u00e9mory est un cabinet g\u00e9n\u00e9raliste en droit des affaires qui accompagne les acteurs cl\u00e9s de l\u2019essor du continent africain, locaux ou de","robots":{"index":"index","follow":"follow","max-snippet":"max-snippet:-1","max-image-preview":"max-image-preview:large","max-video-preview":"max-video-preview:-1"},"canonical":"https:\/\/mandemory.com\/en\/a-propos\/","og_locale":"en_GB","og_type":"article","og_title":"Mand\u00e9mory, cabinet d\u2019avocat engag\u00e9 au service de l\u2019Afrique","og_description":"Mand\u00e9mory est un cabinet g\u00e9n\u00e9raliste en droit des affaires qui accompagne les acteurs cl\u00e9s de l\u2019essor du continent africain, locaux ou de la diaspora.","og_url":"https:\/\/mandemory.com\/en\/a-propos\/","og_site_name":"MANDEMORY","article_modified_time":"2026-03-06T13:41:30+00:00","og_image":[{"width":2560,"height":2226,"url":"https:\/\/mandemory.com\/wp-content\/uploads\/2023\/04\/1-1-scaled.webp","type":"image\/webp"}],"twitter_card":"summary_large_image","twitter_title":"Mand\u00e9mory, cabinet d\u2019avocat engag\u00e9 au service de l\u2019Afrique","twitter_description":"Mand\u00e9mory est un cabinet g\u00e9n\u00e9raliste en droit des affaires qui accompagne les acteurs cl\u00e9s de l\u2019essor du continent africain, locaux ou de la diaspora.","twitter_image":"https:\/\/i0.wp.com\/mandemory.com\/wp-content\/uploads\/2023\/04\/1-1-scaled.webp?fit=2560%2C2226&ssl=1","twitter_site":"@RouguyatouT","twitter_misc":{"Estimated reading time":"1 minute"},"schema":{"@context":"https:\/\/schema.org","@graph":[{"@type":"WebPage","@id":"https:\/\/mandemory.com\/a-propos\/","url":"https:\/\/mandemory.com\/a-propos\/","name":"Mand\u00e9mory, a law firm committed to Africa","isPartOf":{"@id":"https:\/\/mandemory.com\/#website"},"datePublished":"2023-03-26T17:30:44+00:00","dateModified":"2026-03-06T13:41:30+00:00","description":"Mand\u00e9mory est un cabinet g\u00e9n\u00e9raliste en droit des affaires qui accompagne les acteurs cl\u00e9s de l\u2019essor du continent africain, locaux ou de","inLanguage":"en-GB","potentialAction":[{"@type":"ReadAction","target":["https:\/\/mandemory.com\/a-propos\/"]}]},{"@type":"WebSite","@id":"https:\/\/mandemory.com\/#website","url":"https:\/\/mandemory.com\/","name":"MANDEMORY","description":"Cabinet d\u2019avocat au service de d\u00e9veloppement de l&#039;Afrique","publisher":{"@id":"https:\/\/mandemory.com\/#organization"},"potentialAction":[{"@type":"SearchAction","target":{"@type":"EntryPoint","urlTemplate":"https:\/\/mandemory.com\/?s={search_term_string}"},"query-input":{"@type":"PropertyValueSpecification","valueRequired":true,"valueName":"search_term_string"}}],"inLanguage":"en-GB"},{"@type":"Organization","@id":"https:\/\/mandemory.com\/#organization","name":"MANDEMORY","url":"https:\/\/mandemory.com\/","logo":{"@type":"ImageObject","inLanguage":"en-GB","@id":"https:\/\/mandemory.com\/#\/schema\/logo\/image\/","url":"https:\/\/i0.wp.com\/mandemory.com\/wp-content\/uploads\/2023\/05\/favicon-1.png?fit=196%2C196&ssl=1","contentUrl":"https:\/\/i0.wp.com\/mandemory.com\/wp-content\/uploads\/2023\/05\/favicon-1.png?fit=196%2C196&ssl=1","width":196,"height":196,"caption":"MANDEMORY"},"image":{"@id":"https:\/\/mandemory.com\/#\/schema\/logo\/image\/"},"sameAs":["https:\/\/x.com\/RouguyatouT"]}]}},"jetpack_sharing_enabled":true,"_links":{"self":[{"href":"https:\/\/mandemory.com\/en\/wp-json\/wp\/v2\/pages\/395","targetHints":{"allow":["GET"]}}],"collection":[{"href":"https:\/\/mandemory.com\/en\/wp-json\/wp\/v2\/pages"}],"about":[{"href":"https:\/\/mandemory.com\/en\/wp-json\/wp\/v2\/types\/page"}],"author":[{"embeddable":true,"href":"https:\/\/mandemory.com\/en\/wp-json\/wp\/v2\/users\/1"}],"replies":[{"embeddable":true,"href":"https:\/\/mandemory.com\/en\/wp-json\/wp\/v2\/comments?post=395"}],"version-history":[{"count":183,"href":"https:\/\/mandemory.com\/en\/wp-json\/wp\/v2\/pages\/395\/revisions"}],"predecessor-version":[{"id":1984,"href":"https:\/\/mandemory.com\/en\/wp-json\/wp\/v2\/pages\/395\/revisions\/1984"}],"wp:attachment":[{"href":"https:\/\/mandemory.com\/en\/wp-json\/wp\/v2\/media?parent=395"}],"curies":[{"name":"wp","href":"https:\/\/api.w.org\/{rel}","templated":true}]}}